{"id":243,"date":"2014-12-08T12:52:17","date_gmt":"2014-12-08T10:52:17","guid":{"rendered":"http:\/\/valoareplus.ro\/new\/?page_id=243"},"modified":"2016-11-15T12:09:08","modified_gmt":"2016-11-15T10:09:08","slug":"despre-noi-2","status":"publish","type":"page","link":"https:\/\/valoareplus.ro\/?page_id=243","title":{"rendered":"Despre noi"},"content":{"rendered":"<blockquote>\n<h2>Misiunea organiza\u0163iei Valoare Plus<br \/>\n<\/h2>\n<p>&#8222;Misiunea noastr\u0103 este s\u0103 influen\u0163\u0103m, s\u0103 mentor\u0103m \u015fi s\u0103 ajut\u0103m oamenii s\u0103-\u015fi descopere valoarea, poten\u0163ialul \u015fi destinul \u00een via\u0163\u0103&#8221; <\/p><\/blockquote>\n<p><strong>Obiectivele Asocia\u0163iei \u201dValoare Plus\u201d sunt:<\/strong><br \/>\n1. S\u0103 promoveze valorile moral cre\u015ftine prin ac\u0163iuni educative \u015fi sociale \u00een r\u00e2ndul copiilor \u015fi tinerilor care provin din familii disfunc\u0163ionale sau familii cu probleme materiale;<br \/>\n2. S\u0103 organizeze \u00eent\u00e2lniri \u015fi seminarii cu scopul de a crea valoare \u015fi a atrage aten\u0163ia opiniei publice cu privire la riscul pe care \u00eel reprezint\u0103 lipsa valorilor \u00een r\u00e2ndul genera\u0163iei tinere;<br \/>\n3. S\u0103 \u00eenfiin\u0163eze un centru de integrare social\u0103 care s\u0103 ofere consiliere  \u015fi suport persoanelor aflate  \u00een dificultate cu scopul de-ai reda societ\u0103\u0163ii ca cet\u0103\u0163eni responsabili;<br \/>\n4. S\u0103 promoveze prin activit\u0103\u0163i sportive, fairplay-ul  \u015fi spiritul de echip\u0103;<br \/>\n5. S\u0103 ofere sprijin pentru copiii  din familiile  defavorizate , pentru a avea acces la o educa\u0163ie de calitate;<br \/>\n6. S\u0103 stabileasc\u0103 rela\u0163ii cu alte asocia\u0163ii \u015fi funda\u0163ii care au acela\u015fi scop \u015fi s\u0103 conlucreze \u00een parteneriat pentru \u00eendeplinirea scopului propus.<\/p>\n<p><strong>Pe scurt asta facem<\/strong><\/p>\n<p><iframe width=\"640\" height=\"360\" src=\"\/\/www.youtube.com\/embed\/P1qxq8M3e8c\" frameborder=\"0\" allowfullscreen><\/iframe><\/p>\n","protected":false},"excerpt":{"rendered":"<p>Misiunea organiza\u0163iei Valoare Plus &#8222;Misiunea noastr\u0103 este s\u0103 influen\u0163\u0103m, s\u0103 mentor\u0103m \u015fi s\u0103 ajut\u0103m oamenii s\u0103-\u015fi descopere valoarea, poten\u0163ialul \u015fi destinul \u00een via\u0163\u0103&#8221; Obiectivele Asocia\u0163iei \u201dValoare Plus\u201d sunt: 1. S\u0103 promoveze valorile moral cre\u015ftine prin ac\u0163iuni educative \u015fi sociale \u00een r\u00e2ndul copiilor \u015fi tinerilor care provin din familii disfunc\u0163ionale sau familii cu probleme materiale; 2. S\u0103 organizeze \u00eent\u00e2lniri \u015fi seminarii cu scopul de a crea [&hellip;]<\/p>\n","protected":false},"author":1,"featured_media":0,"parent":0,"menu_order":0,"comment_status":"open","ping_status":"open","template":"","meta":{"footnotes":""},"class_list":["post-243","page","type-page","status-publish","hentry"],"_links":{"self":[{"href":"https:\/\/valoareplus.ro\/index.php?rest_route=\/wp\/v2\/pages\/243","targetHints":{"allow":["GET"]}}],"collection":[{"href":"https:\/\/valoareplus.ro\/index.php?rest_route=\/wp\/v2\/pages"}],"about":[{"href":"https:\/\/valoareplus.ro\/index.php?rest_route=\/wp\/v2\/types\/page"}],"author":[{"embeddable":true,"href":"https:\/\/valoareplus.ro\/index.php?rest_route=\/wp\/v2\/users\/1"}],"replies":[{"embeddable":true,"href":"https:\/\/valoareplus.ro\/index.php?rest_route=%2Fwp%2Fv2%2Fcomments&post=243"}],"version-history":[{"count":6,"href":"https:\/\/valoareplus.ro\/index.php?rest_route=\/wp\/v2\/pages\/243\/revisions"}],"predecessor-version":[{"id":11643,"href":"https:\/\/valoareplus.ro\/index.php?rest_route=\/wp\/v2\/pages\/243\/revisions\/11643"}],"wp:attachment":[{"href":"https:\/\/valoareplus.ro\/index.php?rest_route=%2Fwp%2Fv2%2Fmedia&parent=243"}],"curies":[{"name":"wp","href":"https:\/\/api.w.org\/{rel}","templated":true}]}}