{"id":11346,"date":"2015-01-10T12:31:06","date_gmt":"2015-01-10T10:31:06","guid":{"rendered":"http:\/\/valoareplus.ro\/new\/?page_id=11346"},"modified":"2020-01-10T13:46:29","modified_gmt":"2020-01-10T11:46:29","slug":"redirectioneaza-2","status":"publish","type":"page","link":"https:\/\/valoareplus.ro\/?page_id=11346","title":{"rendered":"Detalii despre direc\u0163ionarea a 2% din impozitul pe venit &#8211; formularul D230"},"content":{"rendered":"<p><div class=\"fusion-fullwidth fullwidth-box fusion-builder-row-1 nonhundred-percent-fullwidth non-hundred-percent-height-scrolling\" style=\"background-color: rgba(255,255,255,0);background-position: center center;background-repeat: no-repeat;padding-top:0px;padding-right:0px;padding-bottom:0px;padding-left:0px;margin-bottom: 0px;margin-top: 0px;border-width: 0px 0px 0px 0px;border-color:#eae9e9;border-style:solid;\" ><div class=\"fusion-builder-row fusion-row\"><div class=\"fusion-layout-column fusion_builder_column fusion-builder-column-0 fusion_builder_column_1_1 1_1 fusion-one-full fusion-column-first fusion-column-last fusion-column-no-min-height\" style=\"margin-top:0px;margin-bottom:0px;\"><div class=\"fusion-column-wrapper fusion-flex-column-wrapper-legacy\" style=\"background-position:left top;background-repeat:no-repeat;-webkit-background-size:cover;-moz-background-size:cover;-o-background-size:cover;background-size:cover;padding: 0px 0px 0px 0px;\"><style type=\"text\/css\"><\/style><div class=\"fusion-title title fusion-title-1 fusion-title-text fusion-title-size-one\" style=\"margin-top:0px;margin-right:0px;margin-bottom:31px;margin-left:0px;\"><h1 class=\"title-heading-left fusion-responsive-typography-calculated\" style=\"margin:0;--fontSize:34;line-height:1.41;\">Baza leagl\u0103 a direc\u0163ion\u0103rii 2% din impozitul venit<\/h1><span class=\"awb-title-spacer\"><\/span><div class=\"title-sep-container\"><div class=\"title-sep sep-single sep-solid\" style=\"border-color:#e0dede;\"><\/div><\/div><\/div><div class=\"fusion-text fusion-text-1\"><p>Orice contribuabil, poate dispune directionarea a 2% din impozitul pe venit, platit statului \u00een anul anterior, catre orice organizatie non-guvernamentala doreste <a href=\"https:\/\/static.anaf.ro\/static\/10\/Anaf\/legislatie\/Cod_fiscal_norme_2018.htm\" target=\"_blank\" rel=\"noopener noreferrer\">conform art. 79 din Codul Fiscal<\/a>. Practic in acest fel comunica\u0163i statului modul \u00een care dori\u0163i s\u0103 fie cheltuit\u0103 o mic\u0103 parte din impozitul pe venit deja pl\u0103tit.<\/p>\n<p>Suma nu reprezint\u0103 o sponsorizare sau dona\u021bie ci este o parte a impozitului pe venit deja achitat statului \u00een anul anterior, direc\u021bionat unde dore\u0219te contribuabilul.<\/p>\n<\/div><div class=\"fusion-clearfix\"><\/div><\/div><\/div><div class=\"fusion-layout-column fusion_builder_column fusion-builder-column-1 fusion_builder_column_1_1 1_1 fusion-one-full fusion-column-first fusion-column-last fusion-column-no-min-height\" style=\"margin-top:0px;margin-bottom:0px;\"><div class=\"fusion-column-wrapper fusion-flex-column-wrapper-legacy\" style=\"background-position:left top;background-repeat:no-repeat;-webkit-background-size:cover;-moz-background-size:cover;-o-background-size:cover;background-size:cover;padding: 0px 0px 0px 0px;\"><style type=\"text\/css\"><\/style><div class=\"fusion-title title fusion-title-2 fusion-title-text fusion-title-size-one\" style=\"margin-top:0px;margin-right:0px;margin-bottom:31px;margin-left:0px;\"><h1 class=\"title-heading-left fusion-responsive-typography-calculated\" style=\"margin:0;--fontSize:34;line-height:1.41;\">Cum se direc\u0163ioneaz\u0103 2% ?<\/h1><span class=\"awb-title-spacer\"><\/span><div class=\"title-sep-container\"><div class=\"title-sep sep-single sep-solid\" style=\"border-color:#e0dede;\"><\/div><\/div><\/div><div class=\"fusion-text fusion-text-2\"><p>Direc\u0163ionarea sumei de 2% din impozitul pe venit se face conform legii \u00een vigoare prin una din cele dou\u0103 modalit\u0103\u0163i, \u00een func\u0163ie de situa\u0163ie:<\/p>\n<p>a)<strong> Pentru salaria\u0163i<\/strong> se face prin completarea <a href=\"https:\/\/valoareplus.ro\/wp-content\/uploads\/2020\/01\/D230.pdf\" target=\"_blank\" rel=\"noopener noreferrer\">declara\u0163iei D230<\/a>, complet\u00e2nd formularul cu datele de identificare (pct. I) si semnatura de la subsolul formularului dup\u0103 <a href=\"http:\/\/valoareplus.ro\/new\/wp-content\/uploads\/2016\/01\/D230-specimen-Valoare-Plus.jpg\" target=\"_blank\" rel=\"noopener noreferrer\">acest model<\/a>. Formularul trebuie depus p\u00e2n\u0103 pe 25 mai a anului \u00een curs la Administra\u0163ia Finan\u0163elor Publice de unde face parte contribuabilul.<\/p>\n<p>Pentru cei din Bac\u0103u, aceasta poate fi g\u0103sit\u0103 l\u00e2ng\u0103 prim\u0103rie, pe S<span style=\"font-family: Arial,sans-serif;\">tr. Dumbrava Ro\u015fie nr. 1-3, C.P. 600045.<\/span><\/p>\n<p>Pentru a identifica adresa Administra\u0163iei Financiare din alte ora\u015fe <a href=\"https:\/\/static.anaf.ro\/static\/10\/Anaf\/AsistentaContribuabili_r\/telefoane_judete\/Regiuni.htm\" target=\"_blank\" rel=\"noopener noreferrer\">click aici<\/a>.<\/p>\n<p>b) <strong>Pentru alte venituri \u00een afara salariului<\/strong> (ex. firme, \u00eentreprinderi, PFA-uri, etc.) se va completa <a href=\"https:\/\/valoareplus.ro\/wp-content\/uploads\/2020\/01\/D230.pdf\" target=\"_blank\" rel=\"noopener noreferrer\">declara\u0163ia D200<\/a> \u015fi la fel se va depune la organul fiscal de care apra\u0163ine.<\/p>\n<p><em>Not\u0103: se completeaz\u0103 \u015fi de depune doar una din cele dou\u0103 declara\u0163ii de mai sus<\/em><\/p>\n<\/div><div class=\"fusion-clearfix\"><\/div><\/div><\/div><\/div><\/div><div class=\"fusion-fullwidth fullwidth-box fusion-builder-row-2 nonhundred-percent-fullwidth non-hundred-percent-height-scrolling\" style=\"background-color: rgba(255,255,255,0);background-position: center center;background-repeat: no-repeat;padding-top:0px;padding-right:0px;padding-bottom:0px;padding-left:0px;margin-bottom: 0px;margin-top: 0px;border-width: 0px 0px 0px 0px;border-color:#eae9e9;border-style:solid;\" ><div class=\"fusion-builder-row fusion-row\"><div class=\"fusion-layout-column fusion_builder_column fusion-builder-column-2 fusion_builder_column_1_1 1_1 fusion-one-full fusion-column-first fusion-column-last fusion-column-no-min-height\" style=\"margin-top:0px;margin-bottom:0px;\"><div class=\"fusion-column-wrapper fusion-flex-column-wrapper-legacy\" style=\"background-position:left top;background-repeat:no-repeat;-webkit-background-size:cover;-moz-background-size:cover;-o-background-size:cover;background-size:cover;padding: 0px 0px 0px 0px;\"><style type=\"text\/css\"><\/style><div class=\"fusion-title title fusion-title-3 fusion-title-text fusion-title-size-one\" style=\"margin-top:0px;margin-right:0px;margin-bottom:31px;margin-left:0px;\"><h1 class=\"title-heading-left fusion-responsive-typography-calculated\" style=\"margin:0;--fontSize:34;line-height:1.41;\">Alte informa\u0163ii utile<\/h1><span class=\"awb-title-spacer\"><\/span><div class=\"title-sep-container\"><div class=\"title-sep sep-single sep-solid\" style=\"border-color:#e0dede;\"><\/div><\/div><\/div><div class=\"fusion-text fusion-text-3\"><p>\u00cen conformitate cu <a href=\"http:\/\/codfiscal.net\/cod-procedura-fiscala\/codul-de-procedura-fiscala-og-922003-actualizata-text-integral\" target=\"_blank\" rel=\"noopener noreferrer\">O.G. nr.92\/2003, art.11, alin (4)<\/a>, beneficiarii sumelor obtinute prin completarea formularelor D230 sau D200 nu pot ob\u021bine informa\u021bii cu caracter fiscal din care sa reias\u0103 <em>&#8222;identitatea vreunei persoane fizice sau juridice&#8221;<\/em>. \u00cen cazul \u00een care doresc, donatorii, pot s\u0103 comunice asocia\u0163iei faptul ca au depus formularele respective.<\/p>\n<p>Fondurile pe care dumneavoastra le directionati vor fi folosite \u00een cadrul Asocia\u0163iei Valoare Plus pentru\u00a0sus\u021binerea proiectelor pe care noi le derul\u0103m.<\/p>\n<p>Pentru mai multe detalii privind proiectele Asocia\u0163iei Valoare Plus vizita\u0163i sec\u0163iunea <a href=\"http:\/\/valoareplus.ro\/?page_id=144\" target=\"_blank\" rel=\"noopener noreferrer\">proiecte <\/a>din cadrul site-ului.<br \/>\nDac\u0103 dori\u021bi mai multe informa\u021bii \u00een leg\u0103tur\u0103 cu aceasta procedur\u0103 sau ave\u021bi nel\u0103muriri v\u0103 rug\u0103m s\u0103 nu ezita\u021bi sa ne <a href=\"http:\/\/valoareplus.ro\/?page_id=157\" target=\"_blank\" rel=\"noopener noreferrer\">contacta\u021bi<\/a>.<\/p>\n<h1 style=\"text-align: center;\"><span style=\"color: #ff6633;\">V\u0103 promitem c\u0103 vom onora ajutorul dumneavoastr\u0103 !<\/span><\/h1>\n<\/div><div class=\"fusion-clearfix\"><\/div><\/div><\/div><\/div><\/div><div class=\"fusion-fullwidth fullwidth-box fusion-builder-row-3 hundred-percent-fullwidth non-hundred-percent-height-scrolling fusion-equal-height-columns\" style=\"background-color: #ff6633;background-position: left top;background-repeat: no-repeat;padding-top:20px;padding-right:0px;padding-bottom:20px;padding-left:0px;margin-bottom: 0px;margin-top: 0px;border-width: 0px 0px 0px 0px;border-color:#eae9e9;border-style:solid;\" ><div class=\"fusion-builder-row fusion-row\"><div class=\"fusion-layout-column fusion_builder_column fusion-builder-column-3 fusion_builder_column_1_1 1_1 fusion-one-full fusion-column-first fusion-column-last fusion-column-no-min-height\" style=\"margin-top:0px;margin-bottom:0px;\"><div class=\"fusion-column-wrapper fusion-flex-column-wrapper-legacy\" style=\"background-position:left top;background-repeat:no-repeat;-webkit-background-size:cover;-moz-background-size:cover;-o-background-size:cover;background-size:cover;padding: 0px 0px 0px 0px;\"><style type=\"text\/css\"><\/style><div class=\"fusion-title title fusion-title-4 fusion-title-center fusion-title-text fusion-title-size-one\" style=\"margin-top:0px;margin-right:0px;margin-bottom:31px;margin-left:0px;\"><div class=\"title-sep-container title-sep-container-left\"><div class=\"title-sep sep-double sep-solid\" style=\"border-color:#e0dede;\"><\/div><\/div><span class=\"awb-title-spacer\"><\/span><h1 class=\"title-heading-center fusion-responsive-typography-calculated\" style=\"margin:0;--fontSize:34;line-height:1.41;\"><span style=\"color: #ffffff;\">Vreau s\u0103 direc\u0163ionez 2% spre Valoare Plus, ce trebuie s\u0103 fac?<\/span><\/h1><span class=\"awb-title-spacer\"><\/span><div class=\"title-sep-container title-sep-container-right\"><div class=\"title-sep sep-double sep-solid\" style=\"border-color:#e0dede;\"><\/div><\/div><\/div><div class=\"fusion-clearfix\"><\/div><\/div><\/div><\/div><\/div><div class=\"fusion-fullwidth fullwidth-box fusion-builder-row-4 nonhundred-percent-fullwidth non-hundred-percent-height-scrolling\" style=\"background-color: rgba(255,255,255,0);background-position: center center;background-repeat: no-repeat;padding-top:20px;padding-right:0px;padding-bottom:20px;padding-left:0px;margin-bottom: 0px;margin-top: 0px;border-width: 0px 0px 0px 0px;border-color:#eae9e9;border-style:solid;\" ><div class=\"fusion-builder-row fusion-row\"><div class=\"fusion-layout-column fusion_builder_column fusion-builder-column-4 fusion_builder_column_2_3 2_3 fusion-two-third fusion-column-first\" style=\"width:66.666666666667%;width:calc(66.666666666667% - ( ( 4% ) * 0.66666666666667 ) );margin-right: 4%;margin-top:0px;margin-bottom:20px;\"><div class=\"fusion-column-wrapper fusion-flex-column-wrapper-legacy\" style=\"background-position:left top;background-repeat:no-repeat;-webkit-background-size:cover;-moz-background-size:cover;-o-background-size:cover;background-size:cover;padding: 0px 0px 0px 0px;\"><div class=\"fusion-text fusion-text-4\"><p>Tot ceea ce trebuie s\u0103 faci este s\u0103 descarci formularul D230 precompletat cu datele Asocia\u021biei Valoare Plus de mai jos, s\u0103-l completezi dup\u0103 modelul din dreapta \u0219i apoi s\u0103-l depui la administra\u021bia fiscal\u0103 de care apar\u021bii sau s\u0103 \u00eel trimi\u021bi scanat la adresa <a href=\"mailto:contact@valoareplus.ro\">contact@valoareplus.ro<\/a> \u0219i-l vom depune noi pentru tine.<\/p>\n<\/div><div class=\"fusion-button-wrapper\"><a class=\"fusion-button button-flat button-xlarge button-orange button-1 fusion-button-default-span fusion-button-default-type fusion-animated\" data-animationType=\"shake\" data-animationDuration=\"0.8\" data-animationOffset=\"top-into-view\" target=\"_blank\" rel=\"noopener noreferrer\" title=\"Descarc\u0103 formularul D230\" href=\"https:\/\/valoareplus.ro\/wp-content\/uploads\/2020\/01\/D230.pdf\"><i class=\"fa-file-alt far button-icon-left\" aria-hidden=\"true\"><\/i><span class=\"fusion-button-text\">Descarc\u0103 formularul D230<\/span><\/a><\/div><div class=\"fusion-clearfix\"><\/div><\/div><\/div><div class=\"fusion-layout-column fusion_builder_column fusion-builder-column-5 fusion_builder_column_1_3 1_3 fusion-one-third fusion-column-last\" style=\"width:33.333333333333%;width:calc(33.333333333333% - ( ( 4% ) * 0.33333333333333 ) );margin-top:0px;margin-bottom:20px;\"><div class=\"fusion-column-wrapper fusion-flex-column-wrapper-legacy\" style=\"background-position:left top;background-repeat:no-repeat;-webkit-background-size:cover;-moz-background-size:cover;-o-background-size:cover;background-size:cover;padding: 0px 0px 0px 0px;\"><div class=\"imageframe-align-center\"><span class=\" fusion-imageframe imageframe-dropshadow imageframe-1 hover-type-zoomin\" style=\"-webkit-box-shadow: 3px 3px 7px rgba(0,0,0,0.3);box-shadow: 3px 3px 7px rgba(0,0,0,0.3);\"><a href=\"http:\/\/valoareplus.ro\/wp-content\/uploads\/2017\/01\/D230-specimen-Valoare-Plus.jpg\" class=\"fusion-lightbox\" data-rel=\"iLightbox[fda5f2dd0551eb56fca]\" title=\"D230 specimen Valoare Plus\"><img decoding=\"async\" width=\"212\" height=\"300\" alt=\"Model de formular D230 completat\" src=\"http:\/\/valoareplus.ro\/wp-content\/uploads\/2017\/01\/D230-specimen-Valoare-Plus-212x300.jpg\" class=\"img-responsive wp-image-12330\" srcset=\"https:\/\/valoareplus.ro\/wp-content\/uploads\/2017\/01\/D230-specimen-Valoare-Plus-200x283.jpg 200w, https:\/\/valoareplus.ro\/wp-content\/uploads\/2017\/01\/D230-specimen-Valoare-Plus-400x566.jpg 400w, https:\/\/valoareplus.ro\/wp-content\/uploads\/2017\/01\/D230-specimen-Valoare-Plus-600x849.jpg 600w, https:\/\/valoareplus.ro\/wp-content\/uploads\/2017\/01\/D230-specimen-Valoare-Plus-800x1132.jpg 800w, https:\/\/valoareplus.ro\/wp-content\/uploads\/2017\/01\/D230-specimen-Valoare-Plus.jpg 848w\" sizes=\"(max-width: 800px) 100vw, 400px\" \/><\/a><\/span><\/div><div class=\"fusion-clearfix\"><\/div><\/div><\/div><\/div><\/div><\/p>\n","protected":false},"excerpt":{"rendered":"","protected":false},"author":1,"featured_media":0,"parent":0,"menu_order":0,"comment_status":"open","ping_status":"open","template":"100-width.php","meta":{"footnotes":""},"class_list":["post-11346","page","type-page","status-publish","hentry"],"_links":{"self":[{"href":"https:\/\/valoareplus.ro\/index.php?rest_route=\/wp\/v2\/pages\/11346","targetHints":{"allow":["GET"]}}],"collection":[{"href":"https:\/\/valoareplus.ro\/index.php?rest_route=\/wp\/v2\/pages"}],"about":[{"href":"https:\/\/valoareplus.ro\/index.php?rest_route=\/wp\/v2\/types\/page"}],"author":[{"embeddable":true,"href":"https:\/\/valoareplus.ro\/index.php?rest_route=\/wp\/v2\/users\/1"}],"replies":[{"embeddable":true,"href":"https:\/\/valoareplus.ro\/index.php?rest_route=%2Fwp%2Fv2%2Fcomments&post=11346"}],"version-history":[{"count":21,"href":"https:\/\/valoareplus.ro\/index.php?rest_route=\/wp\/v2\/pages\/11346\/revisions"}],"predecessor-version":[{"id":14005,"href":"https:\/\/valoareplus.ro\/index.php?rest_route=\/wp\/v2\/pages\/11346\/revisions\/14005"}],"wp:attachment":[{"href":"https:\/\/valoareplus.ro\/index.php?rest_route=%2Fwp%2Fv2%2Fmedia&parent=11346"}],"curies":[{"name":"wp","href":"https:\/\/api.w.org\/{rel}","templated":true}]}}